{"id":6699,"date":"2025-04-04T12:20:09","date_gmt":"2025-04-04T12:20:09","guid":{"rendered":"https:\/\/www.newiolandabusillo.liftoffagency.it\/?page_id=6699"},"modified":"2026-03-18T11:28:23","modified_gmt":"2026-03-18T10:28:23","slug":"b2b","status":"publish","type":"page","link":"https:\/\/s.iolandabusillo.it\/en_us\/b2b\/","title":{"rendered":"B2B"},"content":{"rendered":"\t\t<div data-elementor-type=\"wp-page\" data-elementor-id=\"6699\" class=\"elementor elementor-6699\" data-elementor-post-type=\"page\">\n\t\t\t\t<div class=\"elementor-element elementor-element-ed68836 e-flex e-con-boxed e-con e-parent\" data-id=\"ed68836\" data-element_type=\"container\" data-e-type=\"container\">\n\t\t\t\t\t<div class=\"e-con-inner\">\n\t\t<div class=\"elementor-element elementor-element-9a51436 e-con-full e-flex e-con e-child\" data-id=\"9a51436\" data-element_type=\"container\" data-e-type=\"container\" data-settings=\"{&quot;background_background&quot;:&quot;classic&quot;}\">\n\t\t\t\t<div class=\"elementor-element elementor-element-36f0a08 animated-slow elementor-invisible elementor-widget elementor-widget-heading\" data-id=\"36f0a08\" data-element_type=\"widget\" data-e-type=\"widget\" data-settings=\"{&quot;_animation&quot;:&quot;fadeIn&quot;}\" data-widget_type=\"heading.default\">\n\t\t\t\t<div class=\"elementor-widget-container\">\n\t\t\t\t\t<h2 class=\"elementor-heading-title elementor-size-default\">Business to Business<\/h2>\t\t\t\t<\/div>\n\t\t\t\t<\/div>\n\t\t\t\t<div class=\"elementor-element elementor-element-4bc673c animated-slow elementor-invisible elementor-widget elementor-widget-heading\" data-id=\"4bc673c\" data-element_type=\"widget\" data-e-type=\"widget\" data-settings=\"{&quot;_animation&quot;:&quot;fadeIn&quot;}\" data-widget_type=\"heading.default\">\n\t\t\t\t<div class=\"elementor-widget-container\">\n\t\t\t\t\t<h2 class=\"elementor-heading-title elementor-size-default\">Tradizione e qualit\u00e0<\/h2>\t\t\t\t<\/div>\n\t\t\t\t<\/div>\n\t\t\t\t<div class=\"elementor-element elementor-element-dc24d37 elementor-widget__width-initial elementor-widget elementor-widget-text-editor\" data-id=\"dc24d37\" data-element_type=\"widget\" data-e-type=\"widget\" data-widget_type=\"text-editor.default\">\n\t\t\t\t<div class=\"elementor-widget-container\">\n\t\t\t\t\t\t\t\t\t<p class=\"\" data-start=\"197\" data-end=\"334\">La nostra azienda agricola coltiva con passione un <strong>limoneto<\/strong> <strong>nel cuore della Piana del Sele<\/strong>, seguendo metodi<strong> naturali <\/strong>e<strong> sostenibili<\/strong>.<\/p><p class=\"\" data-start=\"336\" data-end=\"492\">Offriamo <strong>limoni freschi di alta qualit\u00e0<\/strong> e una <strong>selezione di prodotti<\/strong>, pensati per attivit\u00e0 commerciali che cercano <strong>autenticit\u00e0 <\/strong>e<strong> gusto<\/strong>.<\/p><p class=\"\" data-start=\"494\" data-end=\"632\">Collaboriamo con <strong>rivenditori, ristoratori e produttori artigianali<\/strong>, garantendo forniture puntuali e un rapporto diretto con il produttore.<\/p><p class=\"\" data-start=\"634\" data-end=\"773\"><strong data-start=\"634\" data-end=\"712\">Ti piacerebbe avviare una collaborazione o ricevere maggiori informazioni?<\/strong><\/p><p class=\"\" data-start=\"634\" data-end=\"773\">Compila il form per <strong>ricevere il catalogo <\/strong>ed essere\u00a0<strong>ricontattato<\/strong> al pi\u00f9 presto.<\/p>\t\t\t\t\t\t\t\t<\/div>\n\t\t\t\t<\/div>\n\t\t\t\t<div class=\"elementor-element elementor-element-7df4b45 elementor-widget__width-initial elementor-widget elementor-widget-image\" data-id=\"7df4b45\" data-element_type=\"widget\" data-e-type=\"widget\" data-widget_type=\"image.default\">\n\t\t\t\t<div class=\"elementor-widget-container\">\n\t\t\t\t\t\t\t\t\t\t\t\t\t\t\t<img fetchpriority=\"high\" decoding=\"async\" width=\"670\" height=\"318\" src=\"https:\/\/s.iolandabusillo.it\/wp-content\/uploads\/2025\/03\/logo_c_iole.png\" class=\"attachment-full size-full wp-image-5900\" alt=\"\" srcset=\"https:\/\/s.iolandabusillo.it\/wp-content\/uploads\/2025\/03\/logo_c_iole.png 670w, https:\/\/s.iolandabusillo.it\/wp-content\/uploads\/2025\/03\/logo_c_iole-600x285.png 600w, https:\/\/s.iolandabusillo.it\/wp-content\/uploads\/2025\/03\/logo_c_iole-300x142.png 300w\" sizes=\"(max-width: 670px) 100vw, 670px\" \/>\t\t\t\t\t\t\t\t\t\t\t\t\t\t\t<\/div>\n\t\t\t\t<\/div>\n\t\t\t\t<\/div>\n\t\t<div class=\"elementor-element elementor-element-7adf380 e-con-full e-flex e-con e-child\" data-id=\"7adf380\" data-element_type=\"container\" data-e-type=\"container\" data-settings=\"{&quot;background_background&quot;:&quot;classic&quot;}\">\n\t\t\t\t<div class=\"elementor-element elementor-element-12189ce elementor-button-align-stretch elementor-widget elementor-widget-form\" data-id=\"12189ce\" data-element_type=\"widget\" data-e-type=\"widget\" data-settings=\"{&quot;step_next_label&quot;:&quot;Successivo&quot;,&quot;step_previous_label&quot;:&quot;Precedente&quot;,&quot;button_width&quot;:&quot;100&quot;,&quot;step_type&quot;:&quot;number_text&quot;,&quot;step_icon_shape&quot;:&quot;circle&quot;}\" data-widget_type=\"form.default\">\n\t\t\t\t<div class=\"elementor-widget-container\">\n\t\t\t\t\t\t\t<form class=\"elementor-form\" method=\"post\" name=\"B2B\" aria-label=\"B2B\">\n\t\t\t<input type=\"hidden\" name=\"post_id\" value=\"6699\"\/>\n\t\t\t<input type=\"hidden\" name=\"form_id\" value=\"12189ce\"\/>\n\t\t\t<input type=\"hidden\" name=\"referer_title\" value=\"B2B - Azienda Agricola Iolanda Busillo\" \/>\n\n\t\t\t\t\t\t\t<input type=\"hidden\" name=\"queried_id\" value=\"6699\"\/>\n\t\t\t\n\t\t\t<div class=\"elementor-form-fields-wrapper elementor-labels-above\">\n\t\t\t\t\t\t\t\t<div class=\"elementor-field-type-text elementor-field-group elementor-column elementor-field-group-name elementor-col-50 elementor-field-required elementor-mark-required\">\n\t\t\t\t\t\t\t\t\t\t\t\t<label for=\"form-field-name\" class=\"elementor-field-label\">\n\t\t\t\t\t\t\t\tNome\t\t\t\t\t\t\t<\/label>\n\t\t\t\t\t\t\t\t\t\t\t\t\t\t<input size=\"1\" type=\"text\" name=\"form_fields[name]\" id=\"form-field-name\" class=\"elementor-field elementor-size-xs  elementor-field-textual\" placeholder=\"Nome\" required=\"required\">\n\t\t\t\t\t\t\t\t\t\t\t<\/div>\n\t\t\t\t\t\t\t\t<div class=\"elementor-field-type-text elementor-field-group elementor-column elementor-field-group-field_6acf76f elementor-col-50 elementor-field-required elementor-mark-required\">\n\t\t\t\t\t\t\t\t\t\t\t\t<label for=\"form-field-field_6acf76f\" class=\"elementor-field-label\">\n\t\t\t\t\t\t\t\tCognome\t\t\t\t\t\t\t<\/label>\n\t\t\t\t\t\t\t\t\t\t\t\t\t\t<input size=\"1\" type=\"text\" name=\"form_fields[field_6acf76f]\" id=\"form-field-field_6acf76f\" class=\"elementor-field elementor-size-xs  elementor-field-textual\" placeholder=\"Cognome\" required=\"required\">\n\t\t\t\t\t\t\t\t\t\t\t<\/div>\n\t\t\t\t\t\t\t\t<div class=\"elementor-field-type-email elementor-field-group elementor-column elementor-field-group-email elementor-col-50 elementor-field-required elementor-mark-required\">\n\t\t\t\t\t\t\t\t\t\t\t\t<label for=\"form-field-email\" class=\"elementor-field-label\">\n\t\t\t\t\t\t\t\tEmail\t\t\t\t\t\t\t<\/label>\n\t\t\t\t\t\t\t\t\t\t\t\t\t\t<input size=\"1\" type=\"email\" name=\"form_fields[email]\" id=\"form-field-email\" class=\"elementor-field elementor-size-xs  elementor-field-textual\" placeholder=\"Email\" required=\"required\">\n\t\t\t\t\t\t\t\t\t\t\t<\/div>\n\t\t\t\t\t\t\t\t<div class=\"elementor-field-type-text elementor-field-group elementor-column elementor-field-group-field_bea4a65 elementor-col-50 elementor-field-required elementor-mark-required\">\n\t\t\t\t\t\t\t\t\t\t\t\t<label for=\"form-field-field_bea4a65\" class=\"elementor-field-label\">\n\t\t\t\t\t\t\t\tAzienda\/Impresa\t\t\t\t\t\t\t<\/label>\n\t\t\t\t\t\t\t\t\t\t\t\t\t\t<input size=\"1\" type=\"text\" name=\"form_fields[field_bea4a65]\" id=\"form-field-field_bea4a65\" class=\"elementor-field elementor-size-xs  elementor-field-textual\" placeholder=\"Azienda\/Impresa\" required=\"required\">\n\t\t\t\t\t\t\t\t\t\t\t<\/div>\n\t\t\t\t\t\t\t\t<div class=\"elementor-field-type-text elementor-field-group elementor-column elementor-field-group-field_ec63008 elementor-col-50 elementor-field-required elementor-mark-required\">\n\t\t\t\t\t\t\t\t\t\t\t\t<label for=\"form-field-field_ec63008\" class=\"elementor-field-label\">\n\t\t\t\t\t\t\t\tAttivit\u00e0 (Ristoratore, Negoziante, Rivenditore, ecc.)\t\t\t\t\t\t\t<\/label>\n\t\t\t\t\t\t\t\t\t\t\t\t\t\t<input size=\"1\" type=\"text\" name=\"form_fields[field_ec63008]\" id=\"form-field-field_ec63008\" class=\"elementor-field elementor-size-xs  elementor-field-textual\" placeholder=\"Attivit\u00e0\" required=\"required\">\n\t\t\t\t\t\t\t\t\t\t\t<\/div>\n\t\t\t\t\t\t\t\t<div class=\"elementor-field-type-text elementor-field-group elementor-column elementor-field-group-field_4279285 elementor-col-50 elementor-field-required elementor-mark-required\">\n\t\t\t\t\t\t\t\t\t\t\t\t<label for=\"form-field-field_4279285\" class=\"elementor-field-label\">\n\t\t\t\t\t\t\t\tIndirizzo\t\t\t\t\t\t\t<\/label>\n\t\t\t\t\t\t\t\t\t\t\t\t\t\t<input size=\"1\" type=\"text\" name=\"form_fields[field_4279285]\" id=\"form-field-field_4279285\" class=\"elementor-field elementor-size-xs  elementor-field-textual\" placeholder=\"Indirizzo\" required=\"required\">\n\t\t\t\t\t\t\t\t\t\t\t<\/div>\n\t\t\t\t\t\t\t\t<div class=\"elementor-field-type-text elementor-field-group elementor-column elementor-field-group-field_404073d elementor-col-50 elementor-field-required elementor-mark-required\">\n\t\t\t\t\t\t\t\t\t\t\t\t<label for=\"form-field-field_404073d\" class=\"elementor-field-label\">\n\t\t\t\t\t\t\t\tCAP\t\t\t\t\t\t\t<\/label>\n\t\t\t\t\t\t\t\t\t\t\t\t\t\t<input size=\"1\" type=\"text\" name=\"form_fields[field_404073d]\" id=\"form-field-field_404073d\" class=\"elementor-field elementor-size-xs  elementor-field-textual\" placeholder=\"CAP\" required=\"required\">\n\t\t\t\t\t\t\t\t\t\t\t<\/div>\n\t\t\t\t\t\t\t\t<div class=\"elementor-field-type-text elementor-field-group elementor-column elementor-field-group-field_cd29859 elementor-col-50 elementor-field-required elementor-mark-required\">\n\t\t\t\t\t\t\t\t\t\t\t\t<label for=\"form-field-field_cd29859\" class=\"elementor-field-label\">\n\t\t\t\t\t\t\t\tStato\t\t\t\t\t\t\t<\/label>\n\t\t\t\t\t\t\t\t\t\t\t\t\t\t<input size=\"1\" type=\"text\" name=\"form_fields[field_cd29859]\" id=\"form-field-field_cd29859\" class=\"elementor-field elementor-size-xs  elementor-field-textual\" placeholder=\"Stato\" required=\"required\">\n\t\t\t\t\t\t\t\t\t\t\t<\/div>\n\t\t\t\t\t\t\t\t<div class=\"elementor-field-type-textarea elementor-field-group elementor-column elementor-field-group-field_1effb81 elementor-col-100 elementor-field-required elementor-mark-required\">\n\t\t\t\t\t\t\t\t\t\t\t\t<label for=\"form-field-field_1effb81\" class=\"elementor-field-label\">\n\t\t\t\t\t\t\t\tMessaggio\t\t\t\t\t\t\t<\/label>\n\t\t\t\t\t\t<textarea class=\"elementor-field-textual elementor-field  elementor-size-xs\" name=\"form_fields[field_1effb81]\" id=\"form-field-field_1effb81\" rows=\"4\" placeholder=\"Messaggio\" required=\"required\"><\/textarea>\t\t\t\t<\/div>\n\t\t\t\t\t\t\t\t<div class=\"elementor-field-group elementor-column elementor-field-type-submit elementor-col-100 e-form__buttons\">\n\t\t\t\t\t<button class=\"elementor-button elementor-size-sm\" type=\"submit\">\n\t\t\t\t\t\t<span class=\"elementor-button-content-wrapper\">\n\t\t\t\t\t\t\t\t\t\t\t\t\t\t\t\t\t\t\t\t\t\t<span class=\"elementor-button-text\">Invia<\/span>\n\t\t\t\t\t\t\t\t\t\t\t\t\t<\/span>\n\t\t\t\t\t<\/button>\n\t\t\t\t<\/div>\n\t\t\t<\/div>\n\t\t<\/form>\n\t\t\t\t\t\t<\/div>\n\t\t\t\t<\/div>\n\t\t\t\t<\/div>\n\t\t\t\t\t<\/div>\n\t\t\t\t<\/div>\n\t\t\t\t<\/div>\n\t\t","protected":false},"excerpt":{"rendered":"<p>Business to Business Tradizione e qualit\u00e0 La nostra azienda agricola coltiva con passione un limoneto nel cuore della Piana del Sele, seguendo metodi naturali e sostenibili. Offriamo limoni freschi di alta qualit\u00e0 e una selezione di prodotti, pensati per attivit\u00e0 commerciali che cercano autenticit\u00e0 e gusto. Collaboriamo con rivenditori, ristoratori e produttori artigianali, garantendo forniture [&hellip;]<\/p>\n","protected":false},"author":1,"featured_media":0,"parent":0,"menu_order":0,"comment_status":"closed","ping_status":"closed","template":"","meta":{"footnotes":""},"class_list":["post-6699","page","type-page","status-publish","hentry"],"_links":{"self":[{"href":"https:\/\/s.iolandabusillo.it\/en_us\/wp-json\/wp\/v2\/pages\/6699","targetHints":{"allow":["GET"]}}],"collection":[{"href":"https:\/\/s.iolandabusillo.it\/en_us\/wp-json\/wp\/v2\/pages"}],"about":[{"href":"https:\/\/s.iolandabusillo.it\/en_us\/wp-json\/wp\/v2\/types\/page"}],"author":[{"embeddable":true,"href":"https:\/\/s.iolandabusillo.it\/en_us\/wp-json\/wp\/v2\/users\/1"}],"replies":[{"embeddable":true,"href":"https:\/\/s.iolandabusillo.it\/en_us\/wp-json\/wp\/v2\/comments?post=6699"}],"version-history":[{"count":6,"href":"https:\/\/s.iolandabusillo.it\/en_us\/wp-json\/wp\/v2\/pages\/6699\/revisions"}],"predecessor-version":[{"id":9498,"href":"https:\/\/s.iolandabusillo.it\/en_us\/wp-json\/wp\/v2\/pages\/6699\/revisions\/9498"}],"wp:attachment":[{"href":"https:\/\/s.iolandabusillo.it\/en_us\/wp-json\/wp\/v2\/media?parent=6699"}],"curies":[{"name":"wp","href":"https:\/\/api.w.org\/{rel}","templated":true}]}}